{"id":200,"date":"2019-03-07T21:43:47","date_gmt":"2019-03-08T00:43:47","guid":{"rendered":"http:\/\/lam.adv.br\/?page_id=200"},"modified":"2019-05-14T20:25:18","modified_gmt":"2019-05-14T23:25:18","slug":"areas-de-atuacao","status":"publish","type":"page","link":"https:\/\/lam.adv.br\/english\/areas-de-atuacao\/","title":{"rendered":"Practice Areas"},"content":{"rendered":"<div data-elementor-type=\"wp-post\" data-elementor-id=\"200\" class=\"elementor elementor-200\" data-elementor-settings=\"[]\">\n\t\t\t<div class=\"elementor-inner\">\n\t\t\t\t<div class=\"elementor-section-wrap\">\n\t\t\t\t\t\t\t<section class=\"elementor-element elementor-element-387a66c elementor-section-content-middle elementor-section-stretched elementor-section-boxed elementor-section-height-default elementor-section-height-default elementor-section elementor-top-section\" data-id=\"387a66c\" data-element_type=\"section\" data-settings=\"{&quot;stretch_section&quot;:&quot;section-stretched&quot;,&quot;background_background&quot;:&quot;classic&quot;}\">\n\t\t\t\t\t\t<div class=\"elementor-container elementor-column-gap-no\">\n\t\t\t\t<div class=\"elementor-row\">\n\t\t\t\t<div class=\"elementor-element elementor-element-5bbf2133 elementor-column elementor-col-100 elementor-top-column\" data-id=\"5bbf2133\" data-element_type=\"column\">\n\t\t\t<div class=\"elementor-column-wrap  elementor-element-populated\">\n\t\t\t\t\t<div class=\"elementor-widget-wrap\">\n\t\t\t\t<div class=\"elementor-element elementor-element-36a83780 elementor-widget elementor-widget-menu-anchor\" data-id=\"36a83780\" data-element_type=\"widget\" data-widget_type=\"menu-anchor.default\">\n\t\t\t\t<div class=\"elementor-widget-container\">\n\t\t\t\t\t<div id=\"areas\" class=\"elementor-menu-anchor\"><\/div>\n\t\t\t\t<\/div>\n\t\t\t\t<\/div>\n\t\t\t\t<div class=\"elementor-element elementor-element-232a3cf elementor-widget elementor-widget-heading\" data-id=\"232a3cf\" data-element_type=\"widget\" data-widget_type=\"heading.default\">\n\t\t\t\t<div class=\"elementor-widget-container\">\n\t\t\t<h6 class=\"elementor-heading-title elementor-size-default\">LEGAL ADVICE<\/h6>\t\t<\/div>\n\t\t\t\t<\/div>\n\t\t\t\t<div class=\"elementor-element elementor-element-70680f8e elementor-widget elementor-widget-heading\" data-id=\"70680f8e\" data-element_type=\"widget\" data-widget_type=\"heading.default\">\n\t\t\t\t<div class=\"elementor-widget-container\">\n\t\t\t<h2 class=\"elementor-heading-title elementor-size-default\">Practice Areas<\/h2>\t\t<\/div>\n\t\t\t\t<\/div>\n\t\t\t\t<div class=\"elementor-element elementor-element-20fef67f elementor-widget elementor-widget-divider\" data-id=\"20fef67f\" data-element_type=\"widget\" data-widget_type=\"divider.default\">\n\t\t\t\t<div class=\"elementor-widget-container\">\n\t\t\t\t\t<div class=\"elementor-divider\">\n\t\t\t<span class=\"elementor-divider-separator\">\n\t\t\t\t\t\t<\/span>\n\t\t<\/div>\n\t\t\t\t<\/div>\n\t\t\t\t<\/div>\n\t\t\t\t<div class=\"elementor-element elementor-element-1f83a13a elementor-widget elementor-widget-divider\" data-id=\"1f83a13a\" data-element_type=\"widget\" data-widget_type=\"divider.default\">\n\t\t\t\t<div class=\"elementor-widget-container\">\n\t\t\t\t\t<div class=\"elementor-divider\">\n\t\t\t<span class=\"elementor-divider-separator\">\n\t\t\t\t\t\t<\/span>\n\t\t<\/div>\n\t\t\t\t<\/div>\n\t\t\t\t<\/div>\n\t\t\t\t<section class=\"elementor-element elementor-element-29c99cfe elementor-section-boxed elementor-section-height-default elementor-section-height-default elementor-section elementor-inner-section\" data-id=\"29c99cfe\" data-element_type=\"section\">\n\t\t\t\t\t\t<div class=\"elementor-container elementor-column-gap-no\">\n\t\t\t\t<div class=\"elementor-row\">\n\t\t\t\t<div class=\"elementor-element elementor-element-5a50b29c elementor-column elementor-col-50 elementor-inner-column\" data-id=\"5a50b29c\" data-element_type=\"column\">\n\t\t\t<div class=\"elementor-column-wrap  elementor-element-populated\">\n\t\t\t\t\t<div class=\"elementor-widget-wrap\">\n\t\t\t\t<div class=\"elementor-element elementor-element-323c76f9 elementor-widget elementor-widget-toggle\" data-id=\"323c76f9\" data-element_type=\"widget\" data-widget_type=\"toggle.default\">\n\t\t\t\t<div class=\"elementor-widget-container\">\n\t\t\t\t\t<div class=\"elementor-toggle\" role=\"tablist\">\n\t\t\t\t\t\t\t<div class=\"elementor-toggle-item\">\n\t\t\t\t\t<div id=\"elementor-tab-title-8421\" class=\"elementor-tab-title\" data-tab=\"1\" role=\"tab\" aria-controls=\"elementor-tab-content-8421\">\n\t\t\t\t\t\t\t\t\t\t\t\t<span class=\"elementor-toggle-icon elementor-toggle-icon-right\" aria-hidden=\"true\">\n\t\t\t\t\t\t\t\t\t\t\t\t\t\t\t<i class=\"elementor-toggle-icon-closed fa fa-chevron-right\"><\/i>\n\t\t\t\t\t\t\t\t<i class=\"elementor-toggle-icon-opened fa fa-chevron-up\"><\/i>\n\t\t\t\t\t\t\t\t\t\t\t\t\t<\/span>\n\t\t\t\t\t\t\t\t\t\t\t\t<a href=\"\" class=\"elementor-toggle-title\">Arbitration<\/a>\n\t\t\t\t\t<\/div>\n\t\t\t\t\t<div id=\"elementor-tab-content-8421\" class=\"elementor-tab-content elementor-clearfix\" data-tab=\"1\" role=\"tabpanel\" aria-labelledby=\"elementor-tab-title-8421\"><p>The arbitration is aimed at resolving conflicts regarding available property rights. Because it involves decisions rendered within the scope of a private dispute resolution mechanism, arbitration emerges as a quick alternative to the slowness of the Brazilian judicial system.<\/p><p>The firm has represented the interests of clients in arbitrations related to commercial, corporate and civil construction conflicts, among others. Linneu de Albuquerque Mello, founding partner of the firm, also acts as an independent arbitrator.<\/p><p>\u2022 Acting as an independent arbitrator<br \/>\u2022 Participation in national and international arbitrations, as well as in mediations, conciliations and dispute boards<\/p><\/div>\n\t\t\t\t<\/div>\n\t\t\t\t\t\t\t<div class=\"elementor-toggle-item\">\n\t\t\t\t\t<div id=\"elementor-tab-title-8422\" class=\"elementor-tab-title\" data-tab=\"2\" role=\"tab\" aria-controls=\"elementor-tab-content-8422\">\n\t\t\t\t\t\t\t\t\t\t\t\t<span class=\"elementor-toggle-icon elementor-toggle-icon-right\" aria-hidden=\"true\">\n\t\t\t\t\t\t\t\t\t\t\t\t\t\t\t<i class=\"elementor-toggle-icon-closed fa fa-chevron-right\"><\/i>\n\t\t\t\t\t\t\t\t<i class=\"elementor-toggle-icon-opened fa fa-chevron-up\"><\/i>\n\t\t\t\t\t\t\t\t\t\t\t\t\t<\/span>\n\t\t\t\t\t\t\t\t\t\t\t\t<a href=\"\" class=\"elementor-toggle-title\">Mergers and Acquisitions<\/a>\n\t\t\t\t\t<\/div>\n\t\t\t\t\t<div id=\"elementor-tab-content-8422\" class=\"elementor-tab-content elementor-clearfix\" data-tab=\"2\" role=\"tabpanel\" aria-labelledby=\"elementor-tab-title-8422\"><p>With extensive experience in structuring and planning acquisitions, mergers and spin-offs, LAM Sociedade de Advogados takes part in negotiating and drafting contracts, writing opinions, as well as in elaborating due diligences.<\/p><p>Changes in control and participation, management issues, corporate conflicts and other\nphenomena are also among the firm\u2019s area of work.<\/p><p>\u2022 Experience involving companies of various sizes, including private equity and publicly traded<br \/>\u2022 Coverage of domestic and international operations<br \/>\u2022 Acting in all stages of the process: from due diligences to post-closing actions.<\/p><\/div>\n\t\t\t\t<\/div>\n\t\t\t\t\t\t\t<div class=\"elementor-toggle-item\">\n\t\t\t\t\t<div id=\"elementor-tab-title-8423\" class=\"elementor-tab-title\" data-tab=\"3\" role=\"tab\" aria-controls=\"elementor-tab-content-8423\">\n\t\t\t\t\t\t\t\t\t\t\t\t<span class=\"elementor-toggle-icon elementor-toggle-icon-right\" aria-hidden=\"true\">\n\t\t\t\t\t\t\t\t\t\t\t\t\t\t\t<i class=\"elementor-toggle-icon-closed fa fa-chevron-right\"><\/i>\n\t\t\t\t\t\t\t\t<i class=\"elementor-toggle-icon-opened fa fa-chevron-up\"><\/i>\n\t\t\t\t\t\t\t\t\t\t\t\t\t<\/span>\n\t\t\t\t\t\t\t\t\t\t\t\t<a href=\"\" class=\"elementor-toggle-title\">Capital Markets<\/a>\n\t\t\t\t\t<\/div>\n\t\t\t\t\t<div id=\"elementor-tab-content-8423\" class=\"elementor-tab-content elementor-clearfix\" data-tab=\"3\" role=\"tabpanel\" aria-labelledby=\"elementor-tab-title-8423\"><p>LAM Sociedade de Advogados stands out for its extensive experience in the Brazilian capital market, with focus on negotiation and drafting of agreements and contracts, on counseling in corporate\ngovernance and in the rules of the Brazilian securities and exchange commission, on drafting of opinions and on structuring of operations and public issuance of securities.<\/p><p>\u2022 Planning and structuring of operations in Brazil and abroad<br \/>\u2022 Participation in IPOs and follow-ons<br \/>\u2022 Advice on Brazilian securities and exchange commission standards<br \/>\u2022 Elaboration of contracts, statutes, notices, agreements and options<\/p><\/div>\n\t\t\t\t<\/div>\n\t\t\t\t\t<\/div>\n\t\t\t\t<\/div>\n\t\t\t\t<\/div>\n\t\t\t\t\t\t<\/div>\n\t\t\t<\/div>\n\t\t<\/div>\n\t\t\t\t<div class=\"elementor-element elementor-element-57eeb718 elementor-column elementor-col-50 elementor-inner-column\" data-id=\"57eeb718\" data-element_type=\"column\">\n\t\t\t<div class=\"elementor-column-wrap  elementor-element-populated\">\n\t\t\t\t\t<div class=\"elementor-widget-wrap\">\n\t\t\t\t<div class=\"elementor-element elementor-element-77ca8d9d elementor-widget elementor-widget-toggle\" data-id=\"77ca8d9d\" data-element_type=\"widget\" data-widget_type=\"toggle.default\">\n\t\t\t\t<div class=\"elementor-widget-container\">\n\t\t\t\t\t<div class=\"elementor-toggle\" role=\"tablist\">\n\t\t\t\t\t\t\t<div class=\"elementor-toggle-item\">\n\t\t\t\t\t<div id=\"elementor-tab-title-2001\" class=\"elementor-tab-title\" data-tab=\"1\" role=\"tab\" aria-controls=\"elementor-tab-content-2001\">\n\t\t\t\t\t\t\t\t\t\t\t\t<span class=\"elementor-toggle-icon elementor-toggle-icon-right\" aria-hidden=\"true\">\n\t\t\t\t\t\t\t\t\t\t\t\t\t\t\t<i class=\"elementor-toggle-icon-closed fa fa-chevron-right\"><\/i>\n\t\t\t\t\t\t\t\t<i class=\"elementor-toggle-icon-opened fa fa-chevron-up\"><\/i>\n\t\t\t\t\t\t\t\t\t\t\t\t\t<\/span>\n\t\t\t\t\t\t\t\t\t\t\t\t<a href=\"\" class=\"elementor-toggle-title\">Tax Law<\/a>\n\t\t\t\t\t<\/div>\n\t\t\t\t\t<div id=\"elementor-tab-content-2001\" class=\"elementor-tab-content elementor-clearfix\" data-tab=\"1\" role=\"tabpanel\" aria-labelledby=\"elementor-tab-title-2001\"><p>The firm has great experience in the entire spectrum of Tax Law, acting both in consulting and litigation, encompassing actions ranging from the local level to planning involving international structures.<\/p><p>LAM Sociedade de Advogados provides legal assistance with tax planning and risk assessments related to tax decisions. The firm focuses also on tax litigation.<\/p><p>\u2022 Constant monitoring of Brazilian taxes that affects the client\u2019s business<br \/>\u2022 Preventive and litigation acting<br \/>\u2022 Emphasis on tax planning<\/p><\/div>\n\t\t\t\t<\/div>\n\t\t\t\t\t\t\t<div class=\"elementor-toggle-item\">\n\t\t\t\t\t<div id=\"elementor-tab-title-2002\" class=\"elementor-tab-title\" data-tab=\"2\" role=\"tab\" aria-controls=\"elementor-tab-content-2002\">\n\t\t\t\t\t\t\t\t\t\t\t\t<span class=\"elementor-toggle-icon elementor-toggle-icon-right\" aria-hidden=\"true\">\n\t\t\t\t\t\t\t\t\t\t\t\t\t\t\t<i class=\"elementor-toggle-icon-closed fa fa-chevron-right\"><\/i>\n\t\t\t\t\t\t\t\t<i class=\"elementor-toggle-icon-opened fa fa-chevron-up\"><\/i>\n\t\t\t\t\t\t\t\t\t\t\t\t\t<\/span>\n\t\t\t\t\t\t\t\t\t\t\t\t<a href=\"\" class=\"elementor-toggle-title\">Oil and Gas<\/a>\n\t\t\t\t\t<\/div>\n\t\t\t\t\t<div id=\"elementor-tab-content-2002\" class=\"elementor-tab-content elementor-clearfix\" data-tab=\"2\" role=\"tabpanel\" aria-labelledby=\"elementor-tab-title-2002\"><p>The firm works in the Oil and Gas industry offering advice on setting up companies, associations and consortia, on preparing for compliance with legal and regulatory standards, as well as on preparing tax planning for organizations and projects.<\/p><p>\u2022 Formation and dissolution of companies, associations and consortia<br \/>\u2022 Development, application and coordination of compliance practices<br \/>\u2022 Advice on public biddings<br \/>\u2022 Acting in administrative proceedings within the National Agency of Petroleum,\nNatural Gas and Biofuels (ANP)<br \/>\u2022 Acting in the entire spectrum of the production chain, from exploration projects to marketing, import and export, including participating financial institutions.<\/p><\/div>\n\t\t\t\t<\/div>\n\t\t\t\t\t<\/div>\n\t\t\t\t<\/div>\n\t\t\t\t<\/div>\n\t\t\t\t\t\t<\/div>\n\t\t\t<\/div>\n\t\t<\/div>\n\t\t\t\t\t\t<\/div>\n\t\t\t<\/div>\n\t\t<\/section>\n\t\t\t\t\t\t<\/div>\n\t\t\t<\/div>\n\t\t<\/div>\n\t\t\t\t\t\t<\/div>\n\t\t\t<\/div>\n\t\t<\/section>\n\t\t\t\t\t\t<\/div>\n\t\t\t<\/div>\n\t\t<\/div>","protected":false},"excerpt":{"rendered":"<p>ASSESSORIA JUR\u00cdDICA \u00c1reas de atua\u00e7\u00e3o Arbitragem Empresarial A arbitragem visa solucionar conflitos relativos a direitos patrimoniais dispon\u00edveis. Por envolver decis\u00f5es proferidas no \u00e2mbito de mecanismo privado de resolu\u00e7\u00e3o de controv\u00e9rsias, a arbitragem desponta como alternativa c\u00e9lere \u00e0 morosidade do sistema judicial brasileiro. O escrit\u00f3rio tem representado os interesses de clientes em arbitragens relacionadas a conflitos [&hellip;]<\/p>","protected":false},"author":4,"featured_media":0,"parent":0,"menu_order":0,"comment_status":"closed","ping_status":"closed","template":"elementor_header_footer","meta":{"_mi_skip_tracking":false},"yoast_head":"<!-- This site is optimized with the Yoast SEO plugin v20.5 - https:\/\/yoast.com\/wordpress\/plugins\/seo\/ -->\n<title>\u00c1reas de Atua\u00e7\u00e3o | LAM<\/title>\n<meta name=\"robots\" content=\"index, follow, max-snippet:-1, max-image-preview:large, max-video-preview:-1\" \/>\n<link rel=\"canonical\" href=\"https:\/\/lam.adv.br\/english\/areas-de-atuacao\/\" \/>\n<meta property=\"og:locale\" content=\"en_US\" \/>\n<meta property=\"og:type\" content=\"article\" \/>\n<meta property=\"og:title\" content=\"\u00c1reas de Atua\u00e7\u00e3o | LAM\" \/>\n<meta property=\"og:description\" content=\"ASSESSORIA JUR\u00cdDICA \u00c1reas de atua\u00e7\u00e3o Arbitragem Empresarial A arbitragem visa solucionar conflitos relativos a direitos patrimoniais dispon\u00edveis. Por envolver decis\u00f5es proferidas no \u00e2mbito de mecanismo privado de resolu\u00e7\u00e3o de controv\u00e9rsias, a arbitragem desponta como alternativa c\u00e9lere \u00e0 morosidade do sistema judicial brasileiro. O escrit\u00f3rio tem representado os interesses de clientes em arbitragens relacionadas a conflitos [&hellip;]\" \/>\n<meta property=\"og:url\" content=\"https:\/\/lam.adv.br\/english\/areas-de-atuacao\/\" \/>\n<meta property=\"og:site_name\" content=\"LAM\" \/>\n<meta property=\"article:modified_time\" content=\"2019-05-14T23:25:18+00:00\" \/>\n<meta name=\"twitter:card\" content=\"summary_large_image\" \/>\n<meta name=\"twitter:label1\" content=\"Est. reading time\" \/>\n\t<meta name=\"twitter:data1\" content=\"3 minutes\" \/>\n<script type=\"application\/ld+json\" class=\"yoast-schema-graph\">{\"@context\":\"https:\/\/schema.org\",\"@graph\":[{\"@type\":\"WebPage\",\"@id\":\"https:\/\/lam.adv.br\/areas-de-atuacao\/\",\"url\":\"https:\/\/lam.adv.br\/areas-de-atuacao\/\",\"name\":\"\u00c1reas de Atua\u00e7\u00e3o | LAM\",\"isPartOf\":{\"@id\":\"https:\/\/lam.adv.br\/#website\"},\"datePublished\":\"2019-03-08T00:43:47+00:00\",\"dateModified\":\"2019-05-14T23:25:18+00:00\",\"breadcrumb\":{\"@id\":\"https:\/\/lam.adv.br\/areas-de-atuacao\/#breadcrumb\"},\"inLanguage\":\"en-US\",\"potentialAction\":[{\"@type\":\"ReadAction\",\"target\":[\"https:\/\/lam.adv.br\/areas-de-atuacao\/\"]}]},{\"@type\":\"BreadcrumbList\",\"@id\":\"https:\/\/lam.adv.br\/areas-de-atuacao\/#breadcrumb\",\"itemListElement\":[{\"@type\":\"ListItem\",\"position\":1,\"name\":\"In\u00edcio\",\"item\":\"https:\/\/lam.adv.br\/\"},{\"@type\":\"ListItem\",\"position\":2,\"name\":\"\u00c1reas de Atua\u00e7\u00e3o\"}]},{\"@type\":\"WebSite\",\"@id\":\"https:\/\/lam.adv.br\/#website\",\"url\":\"https:\/\/lam.adv.br\/\",\"name\":\"LAM\",\"description\":\"Sociedade de Advogados\",\"publisher\":{\"@id\":\"https:\/\/lam.adv.br\/#organization\"},\"potentialAction\":[{\"@type\":\"SearchAction\",\"target\":{\"@type\":\"EntryPoint\",\"urlTemplate\":\"https:\/\/lam.adv.br\/?s={search_term_string}\"},\"query-input\":\"required name=search_term_string\"}],\"inLanguage\":\"en-US\"},{\"@type\":\"Organization\",\"@id\":\"https:\/\/lam.adv.br\/#organization\",\"name\":\"LAM Sociedade de Advogados\",\"url\":\"https:\/\/lam.adv.br\/\",\"logo\":{\"@type\":\"ImageObject\",\"inLanguage\":\"en-US\",\"@id\":\"https:\/\/lam.adv.br\/#\/schema\/logo\/image\/\",\"url\":\"http:\/\/lam.adv.br\/wp-content\/uploads\/2019\/02\/LAM.png\",\"contentUrl\":\"http:\/\/lam.adv.br\/wp-content\/uploads\/2019\/02\/LAM.png\",\"width\":501,\"height\":219,\"caption\":\"LAM Sociedade de Advogados\"},\"image\":{\"@id\":\"https:\/\/lam.adv.br\/#\/schema\/logo\/image\/\"}}]}<\/script>\n<!-- \/ Yoast SEO plugin. -->","yoast_head_json":{"title":"\u00c1reas de Atua\u00e7\u00e3o | LAM","robots":{"index":"index","follow":"follow","max-snippet":"max-snippet:-1","max-image-preview":"max-image-preview:large","max-video-preview":"max-video-preview:-1"},"canonical":"https:\/\/lam.adv.br\/english\/areas-de-atuacao\/","og_locale":"en_US","og_type":"article","og_title":"\u00c1reas de Atua\u00e7\u00e3o | LAM","og_description":"ASSESSORIA JUR\u00cdDICA \u00c1reas de atua\u00e7\u00e3o Arbitragem Empresarial A arbitragem visa solucionar conflitos relativos a direitos patrimoniais dispon\u00edveis. Por envolver decis\u00f5es proferidas no \u00e2mbito de mecanismo privado de resolu\u00e7\u00e3o de controv\u00e9rsias, a arbitragem desponta como alternativa c\u00e9lere \u00e0 morosidade do sistema judicial brasileiro. O escrit\u00f3rio tem representado os interesses de clientes em arbitragens relacionadas a conflitos [&hellip;]","og_url":"https:\/\/lam.adv.br\/english\/areas-de-atuacao\/","og_site_name":"LAM","article_modified_time":"2019-05-14T23:25:18+00:00","twitter_card":"summary_large_image","twitter_misc":{"Est. reading time":"3 minutes"},"schema":{"@context":"https:\/\/schema.org","@graph":[{"@type":"WebPage","@id":"https:\/\/lam.adv.br\/areas-de-atuacao\/","url":"https:\/\/lam.adv.br\/areas-de-atuacao\/","name":"\u00c1reas de Atua\u00e7\u00e3o | LAM","isPartOf":{"@id":"https:\/\/lam.adv.br\/#website"},"datePublished":"2019-03-08T00:43:47+00:00","dateModified":"2019-05-14T23:25:18+00:00","breadcrumb":{"@id":"https:\/\/lam.adv.br\/areas-de-atuacao\/#breadcrumb"},"inLanguage":"en-US","potentialAction":[{"@type":"ReadAction","target":["https:\/\/lam.adv.br\/areas-de-atuacao\/"]}]},{"@type":"BreadcrumbList","@id":"https:\/\/lam.adv.br\/areas-de-atuacao\/#breadcrumb","itemListElement":[{"@type":"ListItem","position":1,"name":"In\u00edcio","item":"https:\/\/lam.adv.br\/"},{"@type":"ListItem","position":2,"name":"\u00c1reas de Atua\u00e7\u00e3o"}]},{"@type":"WebSite","@id":"https:\/\/lam.adv.br\/#website","url":"https:\/\/lam.adv.br\/","name":"LAM","description":"Sociedade de Advogados","publisher":{"@id":"https:\/\/lam.adv.br\/#organization"},"potentialAction":[{"@type":"SearchAction","target":{"@type":"EntryPoint","urlTemplate":"https:\/\/lam.adv.br\/?s={search_term_string}"},"query-input":"required name=search_term_string"}],"inLanguage":"en-US"},{"@type":"Organization","@id":"https:\/\/lam.adv.br\/#organization","name":"LAM Sociedade de Advogados","url":"https:\/\/lam.adv.br\/","logo":{"@type":"ImageObject","inLanguage":"en-US","@id":"https:\/\/lam.adv.br\/#\/schema\/logo\/image\/","url":"http:\/\/lam.adv.br\/wp-content\/uploads\/2019\/02\/LAM.png","contentUrl":"http:\/\/lam.adv.br\/wp-content\/uploads\/2019\/02\/LAM.png","width":501,"height":219,"caption":"LAM Sociedade de Advogados"},"image":{"@id":"https:\/\/lam.adv.br\/#\/schema\/logo\/image\/"}}]}},"_links":{"self":[{"href":"https:\/\/lam.adv.br\/english\/wp-json\/wp\/v2\/pages\/200"}],"collection":[{"href":"https:\/\/lam.adv.br\/english\/wp-json\/wp\/v2\/pages"}],"about":[{"href":"https:\/\/lam.adv.br\/english\/wp-json\/wp\/v2\/types\/page"}],"author":[{"embeddable":true,"href":"https:\/\/lam.adv.br\/english\/wp-json\/wp\/v2\/users\/4"}],"replies":[{"embeddable":true,"href":"https:\/\/lam.adv.br\/english\/wp-json\/wp\/v2\/comments?post=200"}],"version-history":[{"count":8,"href":"https:\/\/lam.adv.br\/english\/wp-json\/wp\/v2\/pages\/200\/revisions"}],"predecessor-version":[{"id":420,"href":"https:\/\/lam.adv.br\/english\/wp-json\/wp\/v2\/pages\/200\/revisions\/420"}],"wp:attachment":[{"href":"https:\/\/lam.adv.br\/english\/wp-json\/wp\/v2\/media?parent=200"}],"curies":[{"name":"wp","href":"https:\/\/api.w.org\/{rel}","templated":true}]}}