{"id":137,"date":"2019-03-01T15:02:04","date_gmt":"2019-03-01T18:02:04","guid":{"rendered":"http:\/\/lam.adv.br\/?page_id=137"},"modified":"2019-05-15T13:16:12","modified_gmt":"2019-05-15T16:16:12","slug":"escritorio-associado","status":"publish","type":"page","link":"https:\/\/lam.adv.br\/english\/escritorio-associado\/","title":{"rendered":"Associate Law Firm"},"content":{"rendered":"<div data-elementor-type=\"wp-post\" data-elementor-id=\"137\" class=\"elementor elementor-137\" data-elementor-settings=\"[]\">\n\t\t\t<div class=\"elementor-inner\">\n\t\t\t\t<div class=\"elementor-section-wrap\">\n\t\t\t\t\t\t\t<section class=\"elementor-element elementor-element-7b2bbd45 elementor-section-content-middle elementor-section-stretched elementor-section-boxed elementor-section-height-default elementor-section-height-default elementor-section elementor-top-section\" data-id=\"7b2bbd45\" data-element_type=\"section\" data-settings=\"{&quot;stretch_section&quot;:&quot;section-stretched&quot;,&quot;background_background&quot;:&quot;classic&quot;}\">\n\t\t\t\t\t\t<div class=\"elementor-container elementor-column-gap-no\">\n\t\t\t\t<div class=\"elementor-row\">\n\t\t\t\t<div class=\"elementor-element elementor-element-78ae8560 elementor-column elementor-col-50 elementor-top-column\" data-id=\"78ae8560\" data-element_type=\"column\" data-settings=\"{&quot;background_background&quot;:&quot;classic&quot;}\">\n\t\t\t<div class=\"elementor-column-wrap  elementor-element-populated\">\n\t\t\t\t\t<div class=\"elementor-widget-wrap\">\n\t\t\t\t<div class=\"elementor-element elementor-element-571f476c elementor-widget elementor-widget-text-editor\" data-id=\"571f476c\" data-element_type=\"widget\" data-widget_type=\"text-editor.default\">\n\t\t\t\t<div class=\"elementor-widget-container\">\n\t\t\t\t\t<div class=\"elementor-text-editor elementor-clearfix\">INTEGRATION<\/div>\n\t\t\t\t<\/div>\n\t\t\t\t<\/div>\n\t\t\t\t<div class=\"elementor-element elementor-element-52957dcf elementor-widget elementor-widget-heading\" data-id=\"52957dcf\" data-element_type=\"widget\" data-widget_type=\"heading.default\">\n\t\t\t\t<div class=\"elementor-widget-container\">\n\t\t\t<h3 class=\"elementor-heading-title elementor-size-default\">Associate Law Firm<\/h3>\t\t<\/div>\n\t\t\t\t<\/div>\n\t\t\t\t<div class=\"elementor-element elementor-element-72f5429b elementor-widget elementor-widget-divider\" data-id=\"72f5429b\" data-element_type=\"widget\" data-widget_type=\"divider.default\">\n\t\t\t\t<div class=\"elementor-widget-container\">\n\t\t\t\t\t<div class=\"elementor-divider\">\n\t\t\t<span class=\"elementor-divider-separator\">\n\t\t\t\t\t\t<\/span>\n\t\t<\/div>\n\t\t\t\t<\/div>\n\t\t\t\t<\/div>\n\t\t\t\t<div class=\"elementor-element elementor-element-6ab51b57 elementor-widget elementor-widget-divider\" data-id=\"6ab51b57\" data-element_type=\"widget\" data-widget_type=\"divider.default\">\n\t\t\t\t<div class=\"elementor-widget-container\">\n\t\t\t\t\t<div class=\"elementor-divider\">\n\t\t\t<span class=\"elementor-divider-separator\">\n\t\t\t\t\t\t<\/span>\n\t\t<\/div>\n\t\t\t\t<\/div>\n\t\t\t\t<\/div>\n\t\t\t\t<section class=\"elementor-element elementor-element-7bc86430 elementor-section-boxed elementor-section-height-default elementor-section-height-default elementor-section elementor-inner-section\" data-id=\"7bc86430\" data-element_type=\"section\">\n\t\t\t\t\t\t<div class=\"elementor-container elementor-column-gap-default\">\n\t\t\t\t<div class=\"elementor-row\">\n\t\t\t\t<div class=\"elementor-element elementor-element-5d17123c elementor-column elementor-col-100 elementor-inner-column\" data-id=\"5d17123c\" data-element_type=\"column\">\n\t\t\t<div class=\"elementor-column-wrap  elementor-element-populated\">\n\t\t\t\t\t<div class=\"elementor-widget-wrap\">\n\t\t\t\t<div class=\"elementor-element elementor-element-95a8c0c elementor-icon-list--layout-traditional elementor-widget elementor-widget-icon-list\" data-id=\"95a8c0c\" data-element_type=\"widget\" data-widget_type=\"icon-list.default\">\n\t\t\t\t<div class=\"elementor-widget-container\">\n\t\t\t\t\t<ul class=\"elementor-icon-list-items\">\n\t\t\t\t\t\t\t<li class=\"elementor-icon-list-item\" >\n\t\t\t\t\t<a href=\"http:\/\/vieiracoelho.com.br\" target=\"_blank\" rel=\"nofollow\">\t\t\t\t\t\t<span class=\"elementor-icon-list-icon\">\n\t\t\t\t\t\t\t\t\t\t\t\t\t\t\t\t<i class=\"fa fa-caret-right\" aria-hidden=\"true\"><\/i>\n\t\t\t\t\t\t\t\t\t\t\t\t\t<\/span>\n\t\t\t\t\t\t\t\t\t\t<span class=\"elementor-icon-list-text\">Vieira Coelho Advogados<\/span>\n\t\t\t\t\t\t\t\t\t\t\t<\/a>\n\t\t\t\t\t\t\t\t\t<\/li>\n\t\t\t\t\t\t<\/ul>\n\t\t\t\t<\/div>\n\t\t\t\t<\/div>\n\t\t\t\t\t\t<\/div>\n\t\t\t<\/div>\n\t\t<\/div>\n\t\t\t\t\t\t<\/div>\n\t\t\t<\/div>\n\t\t<\/section>\n\t\t\t\t\t\t<\/div>\n\t\t\t<\/div>\n\t\t<\/div>\n\t\t\t\t<div class=\"elementor-element elementor-element-4d861417 elementor-column elementor-col-50 elementor-top-column\" data-id=\"4d861417\" data-element_type=\"column\" data-settings=\"{&quot;background_background&quot;:&quot;classic&quot;}\">\n\t\t\t<div class=\"elementor-column-wrap  elementor-element-populated\">\n\t\t\t\t\t<div class=\"elementor-widget-wrap\">\n\t\t\t\t<div class=\"elementor-element elementor-element-d0ae453 elementor-widget elementor-widget-spacer\" data-id=\"d0ae453\" data-element_type=\"widget\" data-widget_type=\"spacer.default\">\n\t\t\t\t<div class=\"elementor-widget-container\">\n\t\t\t\t\t<div class=\"elementor-spacer\">\n\t\t\t<div class=\"elementor-spacer-inner\"><\/div>\n\t\t<\/div>\n\t\t\t\t<\/div>\n\t\t\t\t<\/div>\n\t\t\t\t\t\t<\/div>\n\t\t\t<\/div>\n\t\t<\/div>\n\t\t\t\t\t\t<\/div>\n\t\t\t<\/div>\n\t\t<\/section>\n\t\t\t\t\t\t<\/div>\n\t\t\t<\/div>\n\t\t<\/div>","protected":false},"excerpt":{"rendered":"<p>INTEGRA\u00c7\u00c3O Escrit\u00f3rio Associado Vieira Coelho Advogados<\/p>","protected":false},"author":4,"featured_media":0,"parent":0,"menu_order":0,"comment_status":"closed","ping_status":"closed","template":"elementor_header_footer","meta":{"_mi_skip_tracking":false},"yoast_head":"<!-- This site is optimized with the Yoast SEO plugin v20.5 - https:\/\/yoast.com\/wordpress\/plugins\/seo\/ -->\n<title>Escrit\u00f3rio Associado | LAM<\/title>\n<meta name=\"robots\" content=\"index, follow, max-snippet:-1, max-image-preview:large, max-video-preview:-1\" \/>\n<link rel=\"canonical\" href=\"https:\/\/lam.adv.br\/english\/escritorio-associado\/\" \/>\n<meta property=\"og:locale\" content=\"en_US\" \/>\n<meta property=\"og:type\" content=\"article\" \/>\n<meta property=\"og:title\" content=\"Escrit\u00f3rio Associado | LAM\" \/>\n<meta property=\"og:description\" content=\"INTEGRA\u00c7\u00c3O Escrit\u00f3rio Associado Vieira Coelho Advogados\" \/>\n<meta property=\"og:url\" content=\"https:\/\/lam.adv.br\/english\/escritorio-associado\/\" \/>\n<meta property=\"og:site_name\" content=\"LAM\" \/>\n<meta property=\"article:modified_time\" content=\"2019-05-15T16:16:12+00:00\" \/>\n<meta name=\"twitter:card\" content=\"summary_large_image\" \/>\n<script type=\"application\/ld+json\" class=\"yoast-schema-graph\">{\"@context\":\"https:\/\/schema.org\",\"@graph\":[{\"@type\":\"WebPage\",\"@id\":\"https:\/\/lam.adv.br\/escritorio-associado\/\",\"url\":\"https:\/\/lam.adv.br\/escritorio-associado\/\",\"name\":\"Escrit\u00f3rio Associado | LAM\",\"isPartOf\":{\"@id\":\"https:\/\/lam.adv.br\/#website\"},\"datePublished\":\"2019-03-01T18:02:04+00:00\",\"dateModified\":\"2019-05-15T16:16:12+00:00\",\"breadcrumb\":{\"@id\":\"https:\/\/lam.adv.br\/escritorio-associado\/#breadcrumb\"},\"inLanguage\":\"en-US\",\"potentialAction\":[{\"@type\":\"ReadAction\",\"target\":[\"https:\/\/lam.adv.br\/escritorio-associado\/\"]}]},{\"@type\":\"BreadcrumbList\",\"@id\":\"https:\/\/lam.adv.br\/escritorio-associado\/#breadcrumb\",\"itemListElement\":[{\"@type\":\"ListItem\",\"position\":1,\"name\":\"In\u00edcio\",\"item\":\"https:\/\/lam.adv.br\/\"},{\"@type\":\"ListItem\",\"position\":2,\"name\":\"Escrit\u00f3rio Associado\"}]},{\"@type\":\"WebSite\",\"@id\":\"https:\/\/lam.adv.br\/#website\",\"url\":\"https:\/\/lam.adv.br\/\",\"name\":\"LAM\",\"description\":\"Sociedade de Advogados\",\"publisher\":{\"@id\":\"https:\/\/lam.adv.br\/#organization\"},\"potentialAction\":[{\"@type\":\"SearchAction\",\"target\":{\"@type\":\"EntryPoint\",\"urlTemplate\":\"https:\/\/lam.adv.br\/?s={search_term_string}\"},\"query-input\":\"required name=search_term_string\"}],\"inLanguage\":\"en-US\"},{\"@type\":\"Organization\",\"@id\":\"https:\/\/lam.adv.br\/#organization\",\"name\":\"LAM Sociedade de Advogados\",\"url\":\"https:\/\/lam.adv.br\/\",\"logo\":{\"@type\":\"ImageObject\",\"inLanguage\":\"en-US\",\"@id\":\"https:\/\/lam.adv.br\/#\/schema\/logo\/image\/\",\"url\":\"http:\/\/lam.adv.br\/wp-content\/uploads\/2019\/02\/LAM.png\",\"contentUrl\":\"http:\/\/lam.adv.br\/wp-content\/uploads\/2019\/02\/LAM.png\",\"width\":501,\"height\":219,\"caption\":\"LAM Sociedade de Advogados\"},\"image\":{\"@id\":\"https:\/\/lam.adv.br\/#\/schema\/logo\/image\/\"}}]}<\/script>\n<!-- \/ Yoast SEO plugin. -->","yoast_head_json":{"title":"Escrit\u00f3rio Associado | LAM","robots":{"index":"index","follow":"follow","max-snippet":"max-snippet:-1","max-image-preview":"max-image-preview:large","max-video-preview":"max-video-preview:-1"},"canonical":"https:\/\/lam.adv.br\/english\/escritorio-associado\/","og_locale":"en_US","og_type":"article","og_title":"Escrit\u00f3rio Associado | LAM","og_description":"INTEGRA\u00c7\u00c3O Escrit\u00f3rio Associado Vieira Coelho Advogados","og_url":"https:\/\/lam.adv.br\/english\/escritorio-associado\/","og_site_name":"LAM","article_modified_time":"2019-05-15T16:16:12+00:00","twitter_card":"summary_large_image","schema":{"@context":"https:\/\/schema.org","@graph":[{"@type":"WebPage","@id":"https:\/\/lam.adv.br\/escritorio-associado\/","url":"https:\/\/lam.adv.br\/escritorio-associado\/","name":"Escrit\u00f3rio Associado | LAM","isPartOf":{"@id":"https:\/\/lam.adv.br\/#website"},"datePublished":"2019-03-01T18:02:04+00:00","dateModified":"2019-05-15T16:16:12+00:00","breadcrumb":{"@id":"https:\/\/lam.adv.br\/escritorio-associado\/#breadcrumb"},"inLanguage":"en-US","potentialAction":[{"@type":"ReadAction","target":["https:\/\/lam.adv.br\/escritorio-associado\/"]}]},{"@type":"BreadcrumbList","@id":"https:\/\/lam.adv.br\/escritorio-associado\/#breadcrumb","itemListElement":[{"@type":"ListItem","position":1,"name":"In\u00edcio","item":"https:\/\/lam.adv.br\/"},{"@type":"ListItem","position":2,"name":"Escrit\u00f3rio Associado"}]},{"@type":"WebSite","@id":"https:\/\/lam.adv.br\/#website","url":"https:\/\/lam.adv.br\/","name":"LAM","description":"Sociedade de Advogados","publisher":{"@id":"https:\/\/lam.adv.br\/#organization"},"potentialAction":[{"@type":"SearchAction","target":{"@type":"EntryPoint","urlTemplate":"https:\/\/lam.adv.br\/?s={search_term_string}"},"query-input":"required name=search_term_string"}],"inLanguage":"en-US"},{"@type":"Organization","@id":"https:\/\/lam.adv.br\/#organization","name":"LAM Sociedade de Advogados","url":"https:\/\/lam.adv.br\/","logo":{"@type":"ImageObject","inLanguage":"en-US","@id":"https:\/\/lam.adv.br\/#\/schema\/logo\/image\/","url":"http:\/\/lam.adv.br\/wp-content\/uploads\/2019\/02\/LAM.png","contentUrl":"http:\/\/lam.adv.br\/wp-content\/uploads\/2019\/02\/LAM.png","width":501,"height":219,"caption":"LAM Sociedade de Advogados"},"image":{"@id":"https:\/\/lam.adv.br\/#\/schema\/logo\/image\/"}}]}},"_links":{"self":[{"href":"https:\/\/lam.adv.br\/english\/wp-json\/wp\/v2\/pages\/137"}],"collection":[{"href":"https:\/\/lam.adv.br\/english\/wp-json\/wp\/v2\/pages"}],"about":[{"href":"https:\/\/lam.adv.br\/english\/wp-json\/wp\/v2\/types\/page"}],"author":[{"embeddable":true,"href":"https:\/\/lam.adv.br\/english\/wp-json\/wp\/v2\/users\/4"}],"replies":[{"embeddable":true,"href":"https:\/\/lam.adv.br\/english\/wp-json\/wp\/v2\/comments?post=137"}],"version-history":[{"count":17,"href":"https:\/\/lam.adv.br\/english\/wp-json\/wp\/v2\/pages\/137\/revisions"}],"predecessor-version":[{"id":454,"href":"https:\/\/lam.adv.br\/english\/wp-json\/wp\/v2\/pages\/137\/revisions\/454"}],"wp:attachment":[{"href":"https:\/\/lam.adv.br\/english\/wp-json\/wp\/v2\/media?parent=137"}],"curies":[{"name":"wp","href":"https:\/\/api.w.org\/{rel}","templated":true}]}}